{"id":44,"date":"2017-11-09T15:37:42","date_gmt":"2017-11-09T15:37:42","guid":{"rendered":"https:\/\/yahuahbrotherhood.com\/?page_id=44"},"modified":"2024-09-18T20:26:59","modified_gmt":"2024-09-18T20:26:59","slug":"contact","status":"publish","type":"page","link":"https:\/\/yahuahbrotherhood.com\/hu\/contact\/","title":{"rendered":"El\u00e9rhet\u00f6s\u00e9g\u00fcnk"},"content":{"rendered":"<p>yahuahtestverseg@gamil.com<\/p><p><a href=\"https:\/\/www.facebook.com\/?locale=es_LA\">https:\/\/www.facebook.com\/?locale=es_LA<\/a><\/p><p>Borb\u00e1la Magdalinov\u00e1 <\/p><p>email: b.magdalinova@gmail.com<\/p><p><\/p><p>Zuzana G\u00e9cziov\u00e1<\/p><p>email: g.zsuzsa23@gmail.com<\/p>","protected":false},"excerpt":{"rendered":"<p>yahuahtestverseg@gamil.com https:\/\/www.facebook.com\/?locale=es_LA Borb\u00e1la Magdalinov\u00e1 email: b.magdalinova@gmail.com Zuzana G\u00e9cziov\u00e1 email: g.zsuzsa23@gmail.com<\/p>\n","protected":false},"author":1,"featured_media":1948,"parent":0,"menu_order":0,"comment_status":"closed","ping_status":"closed","template":"","meta":{"give_campaign_id":0,"_monsterinsights_skip_tracking":false,"_monsterinsights_sitenote_active":false,"_monsterinsights_sitenote_note":"","_monsterinsights_sitenote_category":0,"footnotes":""},"class_list":["post-44","page","type-page","status-publish","has-post-thumbnail","hentry"],"aioseo_notices":[],"campaignId":"","_links":{"self":[{"href":"https:\/\/yahuahbrotherhood.com\/hu\/wp-json\/wp\/v2\/pages\/44"}],"collection":[{"href":"https:\/\/yahuahbrotherhood.com\/hu\/wp-json\/wp\/v2\/pages"}],"about":[{"href":"https:\/\/yahuahbrotherhood.com\/hu\/wp-json\/wp\/v2\/types\/page"}],"author":[{"embeddable":true,"href":"https:\/\/yahuahbrotherhood.com\/hu\/wp-json\/wp\/v2\/users\/1"}],"replies":[{"embeddable":true,"href":"https:\/\/yahuahbrotherhood.com\/hu\/wp-json\/wp\/v2\/comments?post=44"}],"version-history":[{"count":3,"href":"https:\/\/yahuahbrotherhood.com\/hu\/wp-json\/wp\/v2\/pages\/44\/revisions"}],"predecessor-version":[{"id":1976,"href":"https:\/\/yahuahbrotherhood.com\/hu\/wp-json\/wp\/v2\/pages\/44\/revisions\/1976"}],"wp:featuredmedia":[{"embeddable":true,"href":"https:\/\/yahuahbrotherhood.com\/hu\/wp-json\/wp\/v2\/media\/1948"}],"wp:attachment":[{"href":"https:\/\/yahuahbrotherhood.com\/hu\/wp-json\/wp\/v2\/media?parent=44"}],"curies":[{"name":"wp","href":"https:\/\/api.w.org\/{rel}","templated":true}]}}