{"id":1728,"date":"2024-08-14T19:31:22","date_gmt":"2024-08-14T19:31:22","guid":{"rendered":"https:\/\/yahuahbrotherhood.com\/?page_id=1728"},"modified":"2024-09-23T18:43:01","modified_gmt":"2024-09-23T18:43:01","slug":"alapitok","status":"publish","type":"page","link":"https:\/\/yahuahbrotherhood.com\/hu\/alapitok\/","title":{"rendered":"R\u00f3lunk"},"content":{"rendered":"<p class=\"has-text-align-center has-x-large-font-size\"><strong>Yahuah Brotherhood alap\u00edt\u00f3i<\/strong><\/p><p class=\"has-text-align-center has-medium-font-size\">Zuzana G\u00e9cziov\u00e1                                             Borb\u00e1la Magdalinova<\/p><div class=\"wp-block-columns is-layout-flex wp-container-core-columns-is-layout-1 wp-block-columns-is-layout-flex\"><div class=\"wp-block-column is-layout-flow wp-block-column-is-layout-flow\"><div class=\"wp-block-image\"><figure class=\"aligncenter size-full is-resized\"><img loading=\"lazy\" decoding=\"async\" width=\"487\" height=\"730\" src=\"https:\/\/yahuahbrotherhood.com\/wp-content\/uploads\/2024\/08\/449055432_10220760112627546_3832054859612595439_n-1.jpg\" alt=\"\" class=\"wp-image-1735\" style=\"width:112px;height:auto\" srcset=\"https:\/\/yahuahbrotherhood.com\/wp-content\/uploads\/2024\/08\/449055432_10220760112627546_3832054859612595439_n-1.jpg 487w, https:\/\/yahuahbrotherhood.com\/wp-content\/uploads\/2024\/08\/449055432_10220760112627546_3832054859612595439_n-1-200x300.jpg 200w, https:\/\/yahuahbrotherhood.com\/wp-content\/uploads\/2024\/08\/449055432_10220760112627546_3832054859612595439_n-1-370x555.jpg 370w\" sizes=\"(max-width: 487px) 100vw, 487px\" \/><\/figure><\/div>\n\n<div class=\"wp-block-group\"><div class=\"wp-block-group__inner-container is-layout-constrained wp-block-group-is-layout-constrained\"><p class=\"has-text-align-center has-small-font-size\">Reiki Mester (Reiki I., II., III.)<\/p>\n\n<p class=\"has-text-align-center has-small-font-size\">Atol\u00f3 Tifar Atlantis (I. \u00e9s II.)<\/p>\n\n<p class=\"has-text-align-center has-small-font-size\">Munay-Ki beavat\u00f3<\/p>\n\n<p class=\"has-text-align-center has-small-font-size\">Universal Kaleidoscope technika kidolgoz\u00f3ja<\/p>\n\n<p class=\"has-text-align-center has-small-font-size\">L\u00e9lekposta technika kidolgoz\u00f3ja<\/p>\n\n<p class=\"has-text-align-center has-small-font-size\"><strong><em>El\u00e9rhet\u00f6s\u00e9g<\/em>:<\/strong><\/p>\n\n<p class=\"has-text-align-center has-small-font-size\">reikizu7@gmail.com<\/p><\/div><\/div><\/div>\n\n<div class=\"wp-block-column is-layout-flow wp-block-column-is-layout-flow\"><\/div><\/div><h2 class=\"wp-block-heading has-text-align-center\"><strong>Mik\u00e9nt sz\u00fcletett meg az Univerz\u00e1lis Kaelioszk\u00f3p<\/strong> <strong>m\u00f3dszer?<\/strong><\/h2><div class=\"wp-block-image\"><figure class=\"aligncenter size-full is-resized\"><a href=\"https:\/\/yahuahbrotherhood.com\/universal-kaleidoscope\/\"><img loading=\"lazy\" decoding=\"async\" width=\"1024\" height=\"1024\" src=\"https:\/\/yahuahbrotherhood.com\/wp-content\/uploads\/2024\/08\/DALL\u00b7E-2024-08-16-21.47.00-A-universal-kaleidoscope-logo-featuring-an-abstract-design-with-intricate-symmetrical-patterns-radiating-from-a-central-point.-The-design-includes-a-1-1.webp\" alt=\"\" class=\"wp-image-1832\" style=\"width:463px;height:auto\" srcset=\"https:\/\/yahuahbrotherhood.com\/wp-content\/uploads\/2024\/08\/DALL\u00b7E-2024-08-16-21.47.00-A-universal-kaleidoscope-logo-featuring-an-abstract-design-with-intricate-symmetrical-patterns-radiating-from-a-central-point.-The-design-includes-a-1-1.webp 1024w, https:\/\/yahuahbrotherhood.com\/wp-content\/uploads\/2024\/08\/DALL\u00b7E-2024-08-16-21.47.00-A-universal-kaleidoscope-logo-featuring-an-abstract-design-with-intricate-symmetrical-patterns-radiating-from-a-central-point.-The-design-includes-a-1-1-300x300.webp 300w, https:\/\/yahuahbrotherhood.com\/wp-content\/uploads\/2024\/08\/DALL\u00b7E-2024-08-16-21.47.00-A-universal-kaleidoscope-logo-featuring-an-abstract-design-with-intricate-symmetrical-patterns-radiating-from-a-central-point.-The-design-includes-a-1-1-150x150.webp 150w, https:\/\/yahuahbrotherhood.com\/wp-content\/uploads\/2024\/08\/DALL\u00b7E-2024-08-16-21.47.00-A-universal-kaleidoscope-logo-featuring-an-abstract-design-with-intricate-symmetrical-patterns-radiating-from-a-central-point.-The-design-includes-a-1-1-768x768.webp 768w, https:\/\/yahuahbrotherhood.com\/wp-content\/uploads\/2024\/08\/DALL\u00b7E-2024-08-16-21.47.00-A-universal-kaleidoscope-logo-featuring-an-abstract-design-with-intricate-symmetrical-patterns-radiating-from-a-central-point.-The-design-includes-a-1-1-370x370.webp 370w, https:\/\/yahuahbrotherhood.com\/wp-content\/uploads\/2024\/08\/DALL\u00b7E-2024-08-16-21.47.00-A-universal-kaleidoscope-logo-featuring-an-abstract-design-with-intricate-symmetrical-patterns-radiating-from-a-central-point.-The-design-includes-a-1-1-90x90.webp 90w, https:\/\/yahuahbrotherhood.com\/wp-content\/uploads\/2024\/08\/DALL\u00b7E-2024-08-16-21.47.00-A-universal-kaleidoscope-logo-featuring-an-abstract-design-with-intricate-symmetrical-patterns-radiating-from-a-central-point.-The-design-includes-a-1-1-180x180.webp 180w, https:\/\/yahuahbrotherhood.com\/wp-content\/uploads\/2024\/08\/DALL\u00b7E-2024-08-16-21.47.00-A-universal-kaleidoscope-logo-featuring-an-abstract-design-with-intricate-symmetrical-patterns-radiating-from-a-central-point.-The-design-includes-a-1-1-770x770.webp 770w, https:\/\/yahuahbrotherhood.com\/wp-content\/uploads\/2024\/08\/DALL\u00b7E-2024-08-16-21.47.00-A-universal-kaleidoscope-logo-featuring-an-abstract-design-with-intricate-symmetrical-patterns-radiating-from-a-central-point.-The-design-includes-a-1-1-740x740.webp 740w, https:\/\/yahuahbrotherhood.com\/wp-content\/uploads\/2024\/08\/DALL\u00b7E-2024-08-16-21.47.00-A-universal-kaleidoscope-logo-featuring-an-abstract-design-with-intricate-symmetrical-patterns-radiating-from-a-central-point.-The-design-includes-a-1-1-350x350.webp 350w, https:\/\/yahuahbrotherhood.com\/wp-content\/uploads\/2024\/08\/DALL\u00b7E-2024-08-16-21.47.00-A-universal-kaleidoscope-logo-featuring-an-abstract-design-with-intricate-symmetrical-patterns-radiating-from-a-central-point.-The-design-includes-a-1-1-600x600.webp 600w\" sizes=\"(max-width: 1024px) 100vw, 1024px\" \/><\/a><\/figure><\/div><p>Sok \u00e9vnyi keres\u00e9s, tanul\u00e1s \u00e9s tapasztal\u00e1s ut\u00e1n is azt \u00e9reztem, hogy a k\u00fcl\u00f6nb\u00f6z\u0151 m\u00f3dszerek nem adj\u00e1k meg azt a teljes k\u00e9pet, amire v\u00e1gytam. Szerettem volna olyan eszk\u00f6zt tal\u00e1lni, amellyel val\u00f3ban m\u00e9lyre lehet menni \u2013 a probl\u00e9m\u00e1k gy\u00f6ker\u00e9ig, ahol igazi gy\u00f3gyul\u00e1s t\u00f6rt\u00e9nhet. Tudtam, hogy csak \u00edgy lehet igaz\u00e1n seg\u00edteni valakinek, \u00e9s maradand\u00f3 v\u00e1ltoz\u00e1st hozni az \u00e9let\u00e9be.<\/p><p>A Munay-ki beavat\u00e1som sor\u00e1n az egyik r\u00edtus \u00e1tad\u00e1sa alatt, egy kaleidoszk\u00f3pot kaptam aj\u00e1nd\u00e9kba, azzal az \u00fczenettel, hogy ez majd rendszert visz k\u00e9pess\u00e9geimbe. Akkor m\u00e9g nem \u00e9rtettem ennek a jelent\u0151s\u00e9g\u00e9t, de az \u00e9vek sor\u00e1n lassan kibontakozott el\u0151ttem, hogy mit is jelent ez val\u00f3j\u00e1ban.<\/p><p>\u00dagy \u00e9rzem, hogy minden tud\u00e1s \u00e9s energia egy helyr\u0151l, a Forr\u00e1sb\u00f3l sz\u00e1rmazik. Mindannyian innen mer\u00edt\u00fcnk, b\u00e1rmilyen m\u00f3dszerrel dolgozunk is. Azonban sokszor azt tapasztaltam, hogy a k\u00fcl\u00f6nb\u00f6z\u0151 technik\u00e1kra \u00e9s ir\u00e1nyzatokra val\u00f3 feloszt\u00e1s \u2013 az emberek eg\u00f3ja miatt \u2013 elv\u00e1laszt benn\u00fcnket a l\u00e9nyegr\u0151l. Pedig val\u00f3j\u00e1ban mindannyian ugyanazt az energi\u00e1t haszn\u00e1ljuk.<\/p><p>Hossz\u00fa \u00fatkeres\u00e9sem sor\u00e1n tal\u00e1lkoztam egy k\u00fcl\u00f6nleges h\u00f6lggyel, akit\u0151l olyan dolgokat tanultam, amelyek t\u00falmutattak mindazon, amit kor\u00e1bban b\u00e1rmely tanfolyamon tapasztaltam. Az \u00e1ltala alkalmazott m\u00f3dszerek egyszer\u0171ek, de m\u00e9lyek voltak, \u00e9s a lehet\u0151 leggyorsabb eredm\u00e9nyeket hozt\u00e1k. Rendszert \u00e9s tiszt\u00e1nl\u00e1t\u00e1st kaptam, ami megadta sz\u00e1momra azt a keretet, amelyet annyira kerestem.<\/p><p>A saj\u00e1t \u00e9lettapasztalataim, a t\u0151le tanultak \u00e9s az \u00e9gi vezet\u00e9s seg\u00edts\u00e9g\u00e9vel fejlesztettem ki ezt a technik\u00e1t, amely az Eg\u00e9sszel Egys\u00e9gben dolgozik a Forr\u00e1sb\u00f3l mer\u00edtve \u00e9s Univerz\u00e1lis Kaleidoszk\u00f3pnak neveztem el. &nbsp;Ez a m\u00f3dszer val\u00f3j\u00e1ban egy eszk\u00f6z, amely nem csak tanul\u00e1s k\u00e9rd\u00e9se. A legm\u00e9lyebb hat\u00e1st akkor tudjuk el\u00e9rni vele, ha a haszn\u00e1l\u00f3j\u00e1ban megvannak azok az adotts\u00e1gok \u00e9s k\u00e9pess\u00e9gek is, amelyek seg\u00edtik a helyes alkalmaz\u00e1s\u00e1t.<\/p><h2 class=\"wp-block-heading has-text-align-center\">Mik\u00e9nt sz\u00fcletett meg a L\u00e9lekposta tanfolyam<\/h2><div class=\"wp-block-image\"><figure class=\"aligncenter size-full is-resized\"><a href=\"https:\/\/yahuahbrotherhood.com\/lelekposta\/\"><img loading=\"lazy\" decoding=\"async\" width=\"1024\" height=\"1024\" src=\"https:\/\/yahuahbrotherhood.com\/wp-content\/uploads\/2024\/08\/DALL\u00b7E-2024-08-18-17.18.43-A-serene-and-mystical-scene-with-a-soft-ethereal-glow.-In-the-foreground-a-person-with-a-calm-and-focused-expression-is-performing-a-spiritual-ritua.webp\" alt=\"\" class=\"wp-image-1818\" style=\"width:480px;height:auto\" srcset=\"https:\/\/yahuahbrotherhood.com\/wp-content\/uploads\/2024\/08\/DALL\u00b7E-2024-08-18-17.18.43-A-serene-and-mystical-scene-with-a-soft-ethereal-glow.-In-the-foreground-a-person-with-a-calm-and-focused-expression-is-performing-a-spiritual-ritua.webp 1024w, https:\/\/yahuahbrotherhood.com\/wp-content\/uploads\/2024\/08\/DALL\u00b7E-2024-08-18-17.18.43-A-serene-and-mystical-scene-with-a-soft-ethereal-glow.-In-the-foreground-a-person-with-a-calm-and-focused-expression-is-performing-a-spiritual-ritua-300x300.webp 300w, https:\/\/yahuahbrotherhood.com\/wp-content\/uploads\/2024\/08\/DALL\u00b7E-2024-08-18-17.18.43-A-serene-and-mystical-scene-with-a-soft-ethereal-glow.-In-the-foreground-a-person-with-a-calm-and-focused-expression-is-performing-a-spiritual-ritua-150x150.webp 150w, https:\/\/yahuahbrotherhood.com\/wp-content\/uploads\/2024\/08\/DALL\u00b7E-2024-08-18-17.18.43-A-serene-and-mystical-scene-with-a-soft-ethereal-glow.-In-the-foreground-a-person-with-a-calm-and-focused-expression-is-performing-a-spiritual-ritua-768x768.webp 768w, https:\/\/yahuahbrotherhood.com\/wp-content\/uploads\/2024\/08\/DALL\u00b7E-2024-08-18-17.18.43-A-serene-and-mystical-scene-with-a-soft-ethereal-glow.-In-the-foreground-a-person-with-a-calm-and-focused-expression-is-performing-a-spiritual-ritua-370x370.webp 370w, https:\/\/yahuahbrotherhood.com\/wp-content\/uploads\/2024\/08\/DALL\u00b7E-2024-08-18-17.18.43-A-serene-and-mystical-scene-with-a-soft-ethereal-glow.-In-the-foreground-a-person-with-a-calm-and-focused-expression-is-performing-a-spiritual-ritua-90x90.webp 90w, https:\/\/yahuahbrotherhood.com\/wp-content\/uploads\/2024\/08\/DALL\u00b7E-2024-08-18-17.18.43-A-serene-and-mystical-scene-with-a-soft-ethereal-glow.-In-the-foreground-a-person-with-a-calm-and-focused-expression-is-performing-a-spiritual-ritua-180x180.webp 180w, https:\/\/yahuahbrotherhood.com\/wp-content\/uploads\/2024\/08\/DALL\u00b7E-2024-08-18-17.18.43-A-serene-and-mystical-scene-with-a-soft-ethereal-glow.-In-the-foreground-a-person-with-a-calm-and-focused-expression-is-performing-a-spiritual-ritua-770x770.webp 770w, https:\/\/yahuahbrotherhood.com\/wp-content\/uploads\/2024\/08\/DALL\u00b7E-2024-08-18-17.18.43-A-serene-and-mystical-scene-with-a-soft-ethereal-glow.-In-the-foreground-a-person-with-a-calm-and-focused-expression-is-performing-a-spiritual-ritua-740x740.webp 740w, https:\/\/yahuahbrotherhood.com\/wp-content\/uploads\/2024\/08\/DALL\u00b7E-2024-08-18-17.18.43-A-serene-and-mystical-scene-with-a-soft-ethereal-glow.-In-the-foreground-a-person-with-a-calm-and-focused-expression-is-performing-a-spiritual-ritua-350x350.webp 350w, https:\/\/yahuahbrotherhood.com\/wp-content\/uploads\/2024\/08\/DALL\u00b7E-2024-08-18-17.18.43-A-serene-and-mystical-scene-with-a-soft-ethereal-glow.-In-the-foreground-a-person-with-a-calm-and-focused-expression-is-performing-a-spiritual-ritua-600x600.webp 600w\" sizes=\"(max-width: 1024px) 100vw, 1024px\" \/><\/a><\/figure><\/div><p>Kezel\u00e9seim sor\u00e1n sok olyan p\u00e1cienssel tal\u00e1lkoztam, akik azzal a k\u00fcl\u00f6nleges k\u00e9pess\u00e9ggel rendelkeztek, hogy seg\u00edteni tudnak az elhal\u00e1loz\u00e1s ut\u00e1ni ittrekedt lelkeknek. T\u00f6bbn\u00e9l el\u0151fordult, hogy b\u00e1r \u00e9rezt\u00e9k ezt a bels\u0151 adotts\u00e1got, a csatorn\u00e1juk m\u00e9g nem volt teljesen nyitva, vagy nem volt meg minden tud\u00e1suk ahhoz, hogy pontosan hogyan j\u00e1rjanak el. Voltak, akik m\u00e9gcsak nem is sejtett\u00e9k, de \u00f6r\u00f6mmel fogadt\u00e1k \u00e9s v\u00e1llalt\u00e1k a felel\u00f6ss\u00e9get e k\u00e9pess\u00e9g\u00fck felett. Ez\u00e9rt, a fels\u0151 vezet\u0151im \u00e9s a f\u00e9nyl\u00e9nyek t\u00e1mogat\u00e1s\u00e1val, kifejlesztettem a L\u00e9lekposta m\u00f3dszert, hogy ak\u00e1r kezd\u0151k, ak\u00e1r halad\u00f3k sz\u00e1m\u00e1ra \u00e9rt\u00e9kes \u00e9s hasznos inform\u00e1ci\u00f3kat ny\u00fajtson. C\u00e9lom, hogy minden r\u00e9sztvev\u0151 megtal\u00e1lja azokat az eszk\u00f6z\u00f6ket \u00e9s tud\u00e1st, amelyek seg\u00edtenek az ittragadt lelkek t\u00e1mogat\u00e1s\u00e1ban.<\/p>","protected":false},"excerpt":{"rendered":"<p>Yahuah Brotherhood alap\u00edt\u00f3i Zuzana G\u00e9cziov\u00e1 Borb\u00e1la Magdalinova Reiki Mester (Reiki I., II., III.) Atol\u00f3 Tifar Atlantis (I. \u00e9s II.) Munay-Ki beavat\u00f3 Universal Kaleidoscope technika kidolgoz\u00f3ja L\u00e9lekposta technika kidolgoz\u00f3ja El\u00e9rhet\u00f6s\u00e9g: reikizu7@gmail.com Mik\u00e9nt sz\u00fcletett meg az Univerz\u00e1lis&hellip;<\/p>\n","protected":false},"author":1,"featured_media":1948,"parent":0,"menu_order":0,"comment_status":"closed","ping_status":"closed","template":"","meta":{"give_campaign_id":0,"_monsterinsights_skip_tracking":false,"_monsterinsights_sitenote_active":false,"_monsterinsights_sitenote_note":"","_monsterinsights_sitenote_category":0,"footnotes":"[]"},"class_list":["post-1728","page","type-page","status-publish","has-post-thumbnail","hentry"],"aioseo_notices":[],"campaignId":"","_links":{"self":[{"href":"https:\/\/yahuahbrotherhood.com\/hu\/wp-json\/wp\/v2\/pages\/1728"}],"collection":[{"href":"https:\/\/yahuahbrotherhood.com\/hu\/wp-json\/wp\/v2\/pages"}],"about":[{"href":"https:\/\/yahuahbrotherhood.com\/hu\/wp-json\/wp\/v2\/types\/page"}],"author":[{"embeddable":true,"href":"https:\/\/yahuahbrotherhood.com\/hu\/wp-json\/wp\/v2\/users\/1"}],"replies":[{"embeddable":true,"href":"https:\/\/yahuahbrotherhood.com\/hu\/wp-json\/wp\/v2\/comments?post=1728"}],"version-history":[{"count":21,"href":"https:\/\/yahuahbrotherhood.com\/hu\/wp-json\/wp\/v2\/pages\/1728\/revisions"}],"predecessor-version":[{"id":2111,"href":"https:\/\/yahuahbrotherhood.com\/hu\/wp-json\/wp\/v2\/pages\/1728\/revisions\/2111"}],"wp:featuredmedia":[{"embeddable":true,"href":"https:\/\/yahuahbrotherhood.com\/hu\/wp-json\/wp\/v2\/media\/1948"}],"wp:attachment":[{"href":"https:\/\/yahuahbrotherhood.com\/hu\/wp-json\/wp\/v2\/media?parent=1728"}],"curies":[{"name":"wp","href":"https:\/\/api.w.org\/{rel}","templated":true}]}}