{"id":38,"date":"2024-08-13T15:35:25","date_gmt":"2024-08-13T15:35:25","guid":{"rendered":"https:\/\/yahuahbrotherhood.com\/?page_id=38"},"modified":"2024-09-18T20:52:29","modified_gmt":"2024-09-18T20:52:29","slug":"our-mission","status":"publish","type":"page","link":"https:\/\/yahuahbrotherhood.com\/es\/our-mission\/","title":{"rendered":"Nuestra misi\u00f3n"},"content":{"rendered":"<p><\/p><p><\/p><p>Nuestra misi\u00f3n es guiar a las personas en el camino del crecimiento espiritual y el despertar del alma, elevando su nivel de conciencia. Ayudamos a cada individuo a conectar con su verdadero ser, a comprender su prop\u00f3sito superior y a encontrar la paz interior. Compartimos nuestras ense\u00f1anzas a trav\u00e9s de conferencias, escritos, tutor\u00edas y videoconferencias, con el fin de hacer accesibles las ense\u00f1anzas espirituales, tanto antiguas como modernas, para quienes las buscan.<\/p><p>Nuestra misi\u00f3n es facilitar la sanaci\u00f3n y brindar apoyo en todos los niveles: \u00e1lmico, f\u00edsico, mental, emocional y espiritual. Utilizamos m\u00e9todos como la sanaci\u00f3n energ\u00e9tica, la meditaci\u00f3n, los remedios naturales y diversas t\u00e9cnicas hol\u00edsticas y metaf\u00edsicas, con el prop\u00f3sito de restaurar el equilibrio, aliviar el sufrimiento y elevar el bienestar del alma, promoviendo as\u00ed la armon\u00eda interior.<\/p><p>Adem\u00e1s, nos dedicamos a aportar armon\u00eda y equilibrio al mundo, tanto en nuestra comunidad local como a nivel global. Esto incluye promover la paz y restaurar la armon\u00eda con la naturaleza.<\/p><p>En \u00faltima instancia, nuestro prop\u00f3sito es elevar la conciencia de las personas, ayud\u00e1ndolas a adquirir una comprensi\u00f3n m\u00e1s profunda de su existencia y del universo. Este despertar de la conciencia no solo fomenta la paz interior en cada individuo, sino que tambi\u00e9n impulsa el avance de las comunidades y las sociedades.<\/p><h2 class=\"wp-block-heading has-text-align-center\">El porqu\u00e9 elegimos el nombre de la Hermandad de Yahuah <\/h2><div class=\"wp-block-image\"><figure class=\"aligncenter size-full is-resized\"><img loading=\"lazy\" decoding=\"async\" width=\"1024\" height=\"1024\" src=\"https:\/\/yahuahbrotherhood.com\/wp-content\/uploads\/2024\/08\/DALL\u00b7E-2024-08-16-22.07.43-A-powerful-and-spiritual-logo-for-Yahuah-Brotherhood.-The-design-features-an-emblem-with-a-central-symbol-that-represents-unity-and-faith-such-as-a-1.webp\" alt=\"\" class=\"wp-image-1786\" style=\"width:215px;height:auto\" srcset=\"https:\/\/yahuahbrotherhood.com\/wp-content\/uploads\/2024\/08\/DALL\u00b7E-2024-08-16-22.07.43-A-powerful-and-spiritual-logo-for-Yahuah-Brotherhood.-The-design-features-an-emblem-with-a-central-symbol-that-represents-unity-and-faith-such-as-a-1.webp 1024w, https:\/\/yahuahbrotherhood.com\/wp-content\/uploads\/2024\/08\/DALL\u00b7E-2024-08-16-22.07.43-A-powerful-and-spiritual-logo-for-Yahuah-Brotherhood.-The-design-features-an-emblem-with-a-central-symbol-that-represents-unity-and-faith-such-as-a-1-300x300.webp 300w, https:\/\/yahuahbrotherhood.com\/wp-content\/uploads\/2024\/08\/DALL\u00b7E-2024-08-16-22.07.43-A-powerful-and-spiritual-logo-for-Yahuah-Brotherhood.-The-design-features-an-emblem-with-a-central-symbol-that-represents-unity-and-faith-such-as-a-1-150x150.webp 150w, https:\/\/yahuahbrotherhood.com\/wp-content\/uploads\/2024\/08\/DALL\u00b7E-2024-08-16-22.07.43-A-powerful-and-spiritual-logo-for-Yahuah-Brotherhood.-The-design-features-an-emblem-with-a-central-symbol-that-represents-unity-and-faith-such-as-a-1-768x768.webp 768w, https:\/\/yahuahbrotherhood.com\/wp-content\/uploads\/2024\/08\/DALL\u00b7E-2024-08-16-22.07.43-A-powerful-and-spiritual-logo-for-Yahuah-Brotherhood.-The-design-features-an-emblem-with-a-central-symbol-that-represents-unity-and-faith-such-as-a-1-370x370.webp 370w, https:\/\/yahuahbrotherhood.com\/wp-content\/uploads\/2024\/08\/DALL\u00b7E-2024-08-16-22.07.43-A-powerful-and-spiritual-logo-for-Yahuah-Brotherhood.-The-design-features-an-emblem-with-a-central-symbol-that-represents-unity-and-faith-such-as-a-1-90x90.webp 90w, https:\/\/yahuahbrotherhood.com\/wp-content\/uploads\/2024\/08\/DALL\u00b7E-2024-08-16-22.07.43-A-powerful-and-spiritual-logo-for-Yahuah-Brotherhood.-The-design-features-an-emblem-with-a-central-symbol-that-represents-unity-and-faith-such-as-a-1-180x180.webp 180w, https:\/\/yahuahbrotherhood.com\/wp-content\/uploads\/2024\/08\/DALL\u00b7E-2024-08-16-22.07.43-A-powerful-and-spiritual-logo-for-Yahuah-Brotherhood.-The-design-features-an-emblem-with-a-central-symbol-that-represents-unity-and-faith-such-as-a-1-770x770.webp 770w, https:\/\/yahuahbrotherhood.com\/wp-content\/uploads\/2024\/08\/DALL\u00b7E-2024-08-16-22.07.43-A-powerful-and-spiritual-logo-for-Yahuah-Brotherhood.-The-design-features-an-emblem-with-a-central-symbol-that-represents-unity-and-faith-such-as-a-1-740x740.webp 740w, https:\/\/yahuahbrotherhood.com\/wp-content\/uploads\/2024\/08\/DALL\u00b7E-2024-08-16-22.07.43-A-powerful-and-spiritual-logo-for-Yahuah-Brotherhood.-The-design-features-an-emblem-with-a-central-symbol-that-represents-unity-and-faith-such-as-a-1-350x350.webp 350w, https:\/\/yahuahbrotherhood.com\/wp-content\/uploads\/2024\/08\/DALL\u00b7E-2024-08-16-22.07.43-A-powerful-and-spiritual-logo-for-Yahuah-Brotherhood.-The-design-features-an-emblem-with-a-central-symbol-that-represents-unity-and-faith-such-as-a-1-600x600.webp 600w\" sizes=\"(max-width: 1024px) 100vw, 1024px\" \/><\/figure><\/div><p>La elecci\u00f3n del nombre de nuestro grupo de la Hermandad de Yahuah tiene un profundo significado, estrechamente vinculado a nuestra fe y a los m\u00e1s altos nombres sagrados. El nombre \"Yahuah\" es una forma del nombre original del \u00fanico ser supremo asociado con el poder dador de vida y la creaci\u00f3n. Este nombre en hebreo significa \"Yah a\u00f1ade aliento\", representando la fuente de la vida y el poder de la creaci\u00f3n. La palabra Yah significa aliento, la respiraci\u00f3n misma.<\/p><p>El t\u00e9rmino \"Aluah\" significa \"Todopoderoso\", reflejando el poder infinito y la majestad del Creador, mientras que \"Alahim\" significa \"Poderoso\", refiri\u00e9ndose tambi\u00e9n al poder del Creador. \"YAH\" es una versi\u00f3n abreviada de este nombre, que se refiere respetuosamente al nombre del Padre. \"Yahusha\" es el verdadero nombre del Mes\u00edas, que significa \"YAH dar\u00e1 la salvaci\u00f3n\".<\/p><p>El t\u00e9rmino \"hermandad\" hace referencia a un estrecho v\u00ednculo entre los miembros de un grupo basado en creencias y valores compartidos. Esta elecci\u00f3n del nombre sugiere que los miembros del grupo comparten ra\u00edces comunes y trabajan por un objetivo com\u00fan basado en una comprensi\u00f3n m\u00e1s profunda y en la adhesi\u00f3n a las ense\u00f1anzas tradicionales.<br>Por eso elegimos el nombre de Hermandad de Yahuah para expresar nuestro compromiso con la fe y subrayar nuestra b\u00fasqueda de la verdad en el mundo. El nombre tambi\u00e9n refleja el esp\u00edritu de comunidad que nos une mientras vivimos nuestra vocaci\u00f3n de ayudar a las personas a encontrar soluciones a sus problemas a trav\u00e9s de una comprensi\u00f3n espiritual m\u00e1s profunda.<\/p><p><\/p>","protected":false},"excerpt":{"rendered":"<p>A k\u00fcldet\u00e9s\u00fcnk az, hogy \u00fatmutat\u00e1st ny\u00fajtsunk m\u00e1soknak a bels\u0151 lelki fejl\u0151d\u00e9s \u00e9s \u00e9bred\u00e9s \u00fatj\u00e1n. Seg\u00edt\u00fcnk az embereknek abban, hogy kapcsolatba l\u00e9pjenek az igaz \u00f6nmagukkal, meg\u00e9rts\u00e9k magasabb rend\u0171 c\u00e9ljaikat, \u00e9s megtal\u00e1lj\u00e1k a bels\u0151 b\u00e9k\u00e9t. Tan\u00edt\u00e1sainkat el\u0151ad\u00e1sokkal,&hellip;<\/p>","protected":false},"author":1,"featured_media":1948,"parent":0,"menu_order":0,"comment_status":"closed","ping_status":"closed","template":"","meta":{"give_campaign_id":0,"_monsterinsights_skip_tracking":false,"_monsterinsights_sitenote_active":false,"_monsterinsights_sitenote_note":"","_monsterinsights_sitenote_category":0,"footnotes":""},"class_list":["post-38","page","type-page","status-publish","has-post-thumbnail","hentry"],"aioseo_notices":[],"campaignId":"","_links":{"self":[{"href":"https:\/\/yahuahbrotherhood.com\/es\/wp-json\/wp\/v2\/pages\/38"}],"collection":[{"href":"https:\/\/yahuahbrotherhood.com\/es\/wp-json\/wp\/v2\/pages"}],"about":[{"href":"https:\/\/yahuahbrotherhood.com\/es\/wp-json\/wp\/v2\/types\/page"}],"author":[{"embeddable":true,"href":"https:\/\/yahuahbrotherhood.com\/es\/wp-json\/wp\/v2\/users\/1"}],"replies":[{"embeddable":true,"href":"https:\/\/yahuahbrotherhood.com\/es\/wp-json\/wp\/v2\/comments?post=38"}],"version-history":[{"count":14,"href":"https:\/\/yahuahbrotherhood.com\/es\/wp-json\/wp\/v2\/pages\/38\/revisions"}],"predecessor-version":[{"id":1995,"href":"https:\/\/yahuahbrotherhood.com\/es\/wp-json\/wp\/v2\/pages\/38\/revisions\/1995"}],"wp:featuredmedia":[{"embeddable":true,"href":"https:\/\/yahuahbrotherhood.com\/es\/wp-json\/wp\/v2\/media\/1948"}],"wp:attachment":[{"href":"https:\/\/yahuahbrotherhood.com\/es\/wp-json\/wp\/v2\/media?parent=38"}],"curies":[{"name":"wp","href":"https:\/\/api.w.org\/{rel}","templated":true}]}}