{"id":1728,"date":"2024-08-14T19:31:22","date_gmt":"2024-08-14T19:31:22","guid":{"rendered":"https:\/\/yahuahbrotherhood.com\/?page_id=1728"},"modified":"2024-09-23T18:43:01","modified_gmt":"2024-09-23T18:43:01","slug":"alapitok","status":"publish","type":"page","link":"https:\/\/yahuahbrotherhood.com\/es\/alapitok\/","title":{"rendered":"Qui\u00e9nes somos"},"content":{"rendered":"<p class=\"has-text-align-center has-x-large-font-size\"><strong>Fundadores de la Hermandad Yahuah<\/strong><\/p><p class=\"has-text-align-center has-medium-font-size\">Zuzana G\u00e9cziov\u00e1 Borb\u00e1la Magdalinova<\/p><div class=\"wp-block-columns is-layout-flex wp-container-core-columns-is-layout-1 wp-block-columns-is-layout-flex\"><div class=\"wp-block-column is-layout-flow wp-block-column-is-layout-flow\"><div class=\"wp-block-image\"><figure class=\"aligncenter size-full is-resized\"><img loading=\"lazy\" decoding=\"async\" width=\"487\" height=\"730\" src=\"https:\/\/yahuahbrotherhood.com\/wp-content\/uploads\/2024\/08\/449055432_10220760112627546_3832054859612595439_n-1.jpg\" alt=\"\" class=\"wp-image-1735\" style=\"width:112px;height:auto\" srcset=\"https:\/\/yahuahbrotherhood.com\/wp-content\/uploads\/2024\/08\/449055432_10220760112627546_3832054859612595439_n-1.jpg 487w, https:\/\/yahuahbrotherhood.com\/wp-content\/uploads\/2024\/08\/449055432_10220760112627546_3832054859612595439_n-1-200x300.jpg 200w, https:\/\/yahuahbrotherhood.com\/wp-content\/uploads\/2024\/08\/449055432_10220760112627546_3832054859612595439_n-1-370x555.jpg 370w\" sizes=\"(max-width: 487px) 100vw, 487px\" \/><\/figure><\/div>\n\n<div class=\"wp-block-group\"><div class=\"wp-block-group__inner-container is-layout-constrained wp-block-group-is-layout-constrained\"><p class=\"has-text-align-center has-small-font-size\">Maestro de Reiki (Reiki I., II., III.)<\/p>\n\n<p class=\"has-text-align-center has-small-font-size\">Atolo Tifar Atlantis (I y II)<\/p>\n\n<p class=\"has-text-align-center has-small-font-size\">Iniciaci\u00f3n Munay-Ki<\/p>\n\n<p class=\"has-text-align-center has-small-font-size\">Desarrollador de la t\u00e9cnica del Caleidoscopio Universal<\/p>\n\n<p class=\"has-text-align-center has-small-font-size\">Desarrollador de la t\u00e9cnica Soul Mail<\/p>\n\n<p class=\"has-text-align-center has-small-font-size\"><strong><em>Disponible en<\/em>:<\/strong><\/p>\n\n<p class=\"has-text-align-center has-small-font-size\">reikizu7@gmail.com<\/p><\/div><\/div><\/div>\n\n<div class=\"wp-block-column is-layout-flow wp-block-column-is-layout-flow\"><\/div><\/div><h2 class=\"wp-block-heading has-text-align-center\"><strong>C\u00f3mo naci\u00f3 el Kaelioscopio Universal<\/strong> <strong>\u00bfm\u00e9todo?<\/strong><\/h2><div class=\"wp-block-image\"><figure class=\"aligncenter size-full is-resized\"><a href=\"https:\/\/yahuahbrotherhood.com\/es\/universal-kaleidoscope\/\"><img loading=\"lazy\" decoding=\"async\" width=\"1024\" height=\"1024\" src=\"https:\/\/yahuahbrotherhood.com\/wp-content\/uploads\/2024\/08\/DALL\u00b7E-2024-08-16-21.47.00-A-universal-kaleidoscope-logo-featuring-an-abstract-design-with-intricate-symmetrical-patterns-radiating-from-a-central-point.-The-design-includes-a-1-1.webp\" alt=\"\" class=\"wp-image-1832\" style=\"width:463px;height:auto\" srcset=\"https:\/\/yahuahbrotherhood.com\/wp-content\/uploads\/2024\/08\/DALL\u00b7E-2024-08-16-21.47.00-A-universal-kaleidoscope-logo-featuring-an-abstract-design-with-intricate-symmetrical-patterns-radiating-from-a-central-point.-The-design-includes-a-1-1.webp 1024w, https:\/\/yahuahbrotherhood.com\/wp-content\/uploads\/2024\/08\/DALL\u00b7E-2024-08-16-21.47.00-A-universal-kaleidoscope-logo-featuring-an-abstract-design-with-intricate-symmetrical-patterns-radiating-from-a-central-point.-The-design-includes-a-1-1-300x300.webp 300w, https:\/\/yahuahbrotherhood.com\/wp-content\/uploads\/2024\/08\/DALL\u00b7E-2024-08-16-21.47.00-A-universal-kaleidoscope-logo-featuring-an-abstract-design-with-intricate-symmetrical-patterns-radiating-from-a-central-point.-The-design-includes-a-1-1-150x150.webp 150w, https:\/\/yahuahbrotherhood.com\/wp-content\/uploads\/2024\/08\/DALL\u00b7E-2024-08-16-21.47.00-A-universal-kaleidoscope-logo-featuring-an-abstract-design-with-intricate-symmetrical-patterns-radiating-from-a-central-point.-The-design-includes-a-1-1-768x768.webp 768w, https:\/\/yahuahbrotherhood.com\/wp-content\/uploads\/2024\/08\/DALL\u00b7E-2024-08-16-21.47.00-A-universal-kaleidoscope-logo-featuring-an-abstract-design-with-intricate-symmetrical-patterns-radiating-from-a-central-point.-The-design-includes-a-1-1-370x370.webp 370w, https:\/\/yahuahbrotherhood.com\/wp-content\/uploads\/2024\/08\/DALL\u00b7E-2024-08-16-21.47.00-A-universal-kaleidoscope-logo-featuring-an-abstract-design-with-intricate-symmetrical-patterns-radiating-from-a-central-point.-The-design-includes-a-1-1-90x90.webp 90w, https:\/\/yahuahbrotherhood.com\/wp-content\/uploads\/2024\/08\/DALL\u00b7E-2024-08-16-21.47.00-A-universal-kaleidoscope-logo-featuring-an-abstract-design-with-intricate-symmetrical-patterns-radiating-from-a-central-point.-The-design-includes-a-1-1-180x180.webp 180w, https:\/\/yahuahbrotherhood.com\/wp-content\/uploads\/2024\/08\/DALL\u00b7E-2024-08-16-21.47.00-A-universal-kaleidoscope-logo-featuring-an-abstract-design-with-intricate-symmetrical-patterns-radiating-from-a-central-point.-The-design-includes-a-1-1-770x770.webp 770w, https:\/\/yahuahbrotherhood.com\/wp-content\/uploads\/2024\/08\/DALL\u00b7E-2024-08-16-21.47.00-A-universal-kaleidoscope-logo-featuring-an-abstract-design-with-intricate-symmetrical-patterns-radiating-from-a-central-point.-The-design-includes-a-1-1-740x740.webp 740w, https:\/\/yahuahbrotherhood.com\/wp-content\/uploads\/2024\/08\/DALL\u00b7E-2024-08-16-21.47.00-A-universal-kaleidoscope-logo-featuring-an-abstract-design-with-intricate-symmetrical-patterns-radiating-from-a-central-point.-The-design-includes-a-1-1-350x350.webp 350w, https:\/\/yahuahbrotherhood.com\/wp-content\/uploads\/2024\/08\/DALL\u00b7E-2024-08-16-21.47.00-A-universal-kaleidoscope-logo-featuring-an-abstract-design-with-intricate-symmetrical-patterns-radiating-from-a-central-point.-The-design-includes-a-1-1-600x600.webp 600w\" sizes=\"(max-width: 1024px) 100vw, 1024px\" \/><\/a><\/figure><\/div><p>Tras muchos a\u00f1os de b\u00fasqueda, aprendizaje y experiencia, segu\u00eda sintiendo que los distintos m\u00e9todos no me daban la imagen completa que quer\u00eda. Quer\u00eda encontrar una herramienta que realmente pudiera llegar a la ra\u00edz de los problemas, donde pudiera producirse una curaci\u00f3n real. Sab\u00eda que era la \u00fanica manera de ayudar de verdad a alguien y marcar una diferencia duradera en su vida.<\/p><p>Durante mi iniciaci\u00f3n en el Munay-ki, en uno de los ritos, me regalaron un caleidoscopio con el mensaje de que pondr\u00eda orden en mis habilidades. En aquel momento no comprend\u00ed su significado, pero con el paso de los a\u00f1os me fui dando cuenta de lo que realmente significaba.<\/p><p>Creo que todo el conocimiento y la energ\u00eda proceden de un mismo lugar, de la Fuente. Todos nos nutrimos de ella, sea cual sea el m\u00e9todo que utilicemos. Sin embargo, a menudo he comprobado que la divisi\u00f3n en diferentes t\u00e9cnicas y tendencias, a causa del ego de las personas, nos separa de la esencia. En realidad, todos utilizamos la misma energ\u00eda.<\/p><p>En mi larga b\u00fasqueda conoc\u00ed a una se\u00f1ora especial que me ense\u00f1\u00f3 cosas que iban m\u00e1s all\u00e1 de todo lo que hab\u00eda experimentado en cualquier curso anterior. Los m\u00e9todos que utilizaba eran sencillos pero profundos y produc\u00edan los resultados m\u00e1s r\u00e1pidos posibles. Me proporcion\u00f3 un sistema y una claridad que me dieron el marco que estaba buscando.<\/p><p>Utilizando mis propias experiencias vitales, lo que aprend\u00ed de \u00e9l y la gu\u00eda celestial, desarroll\u00e9 esta t\u00e9cnica de trabajo en Unidad con lo Eterno, extrayendo de la Fuente, a la que llam\u00e9 el Caleidoscopio Universal.  Este m\u00e9todo es en realidad una herramienta que no es s\u00f3lo cuesti\u00f3n de aprendizaje. Los efectos m\u00e1s profundos se logran cuando el usuario tiene los dones y habilidades para aplicarlo correctamente.<\/p><h2 class=\"wp-block-heading has-text-align-center\">C\u00f3mo naci\u00f3 el curso Soul Mail<\/h2><div class=\"wp-block-image\"><figure class=\"aligncenter size-full is-resized\"><a href=\"https:\/\/yahuahbrotherhood.com\/es\/lelekposta\/\"><img loading=\"lazy\" decoding=\"async\" width=\"1024\" height=\"1024\" src=\"https:\/\/yahuahbrotherhood.com\/wp-content\/uploads\/2024\/08\/DALL\u00b7E-2024-08-18-17.18.43-A-serene-and-mystical-scene-with-a-soft-ethereal-glow.-In-the-foreground-a-person-with-a-calm-and-focused-expression-is-performing-a-spiritual-ritua.webp\" alt=\"\" class=\"wp-image-1818\" style=\"width:480px;height:auto\" srcset=\"https:\/\/yahuahbrotherhood.com\/wp-content\/uploads\/2024\/08\/DALL\u00b7E-2024-08-18-17.18.43-A-serene-and-mystical-scene-with-a-soft-ethereal-glow.-In-the-foreground-a-person-with-a-calm-and-focused-expression-is-performing-a-spiritual-ritua.webp 1024w, https:\/\/yahuahbrotherhood.com\/wp-content\/uploads\/2024\/08\/DALL\u00b7E-2024-08-18-17.18.43-A-serene-and-mystical-scene-with-a-soft-ethereal-glow.-In-the-foreground-a-person-with-a-calm-and-focused-expression-is-performing-a-spiritual-ritua-300x300.webp 300w, https:\/\/yahuahbrotherhood.com\/wp-content\/uploads\/2024\/08\/DALL\u00b7E-2024-08-18-17.18.43-A-serene-and-mystical-scene-with-a-soft-ethereal-glow.-In-the-foreground-a-person-with-a-calm-and-focused-expression-is-performing-a-spiritual-ritua-150x150.webp 150w, https:\/\/yahuahbrotherhood.com\/wp-content\/uploads\/2024\/08\/DALL\u00b7E-2024-08-18-17.18.43-A-serene-and-mystical-scene-with-a-soft-ethereal-glow.-In-the-foreground-a-person-with-a-calm-and-focused-expression-is-performing-a-spiritual-ritua-768x768.webp 768w, https:\/\/yahuahbrotherhood.com\/wp-content\/uploads\/2024\/08\/DALL\u00b7E-2024-08-18-17.18.43-A-serene-and-mystical-scene-with-a-soft-ethereal-glow.-In-the-foreground-a-person-with-a-calm-and-focused-expression-is-performing-a-spiritual-ritua-370x370.webp 370w, https:\/\/yahuahbrotherhood.com\/wp-content\/uploads\/2024\/08\/DALL\u00b7E-2024-08-18-17.18.43-A-serene-and-mystical-scene-with-a-soft-ethereal-glow.-In-the-foreground-a-person-with-a-calm-and-focused-expression-is-performing-a-spiritual-ritua-90x90.webp 90w, https:\/\/yahuahbrotherhood.com\/wp-content\/uploads\/2024\/08\/DALL\u00b7E-2024-08-18-17.18.43-A-serene-and-mystical-scene-with-a-soft-ethereal-glow.-In-the-foreground-a-person-with-a-calm-and-focused-expression-is-performing-a-spiritual-ritua-180x180.webp 180w, https:\/\/yahuahbrotherhood.com\/wp-content\/uploads\/2024\/08\/DALL\u00b7E-2024-08-18-17.18.43-A-serene-and-mystical-scene-with-a-soft-ethereal-glow.-In-the-foreground-a-person-with-a-calm-and-focused-expression-is-performing-a-spiritual-ritua-770x770.webp 770w, https:\/\/yahuahbrotherhood.com\/wp-content\/uploads\/2024\/08\/DALL\u00b7E-2024-08-18-17.18.43-A-serene-and-mystical-scene-with-a-soft-ethereal-glow.-In-the-foreground-a-person-with-a-calm-and-focused-expression-is-performing-a-spiritual-ritua-740x740.webp 740w, https:\/\/yahuahbrotherhood.com\/wp-content\/uploads\/2024\/08\/DALL\u00b7E-2024-08-18-17.18.43-A-serene-and-mystical-scene-with-a-soft-ethereal-glow.-In-the-foreground-a-person-with-a-calm-and-focused-expression-is-performing-a-spiritual-ritua-350x350.webp 350w, https:\/\/yahuahbrotherhood.com\/wp-content\/uploads\/2024\/08\/DALL\u00b7E-2024-08-18-17.18.43-A-serene-and-mystical-scene-with-a-soft-ethereal-glow.-In-the-foreground-a-person-with-a-calm-and-focused-expression-is-performing-a-spiritual-ritua-600x600.webp 600w\" sizes=\"(max-width: 1024px) 100vw, 1024px\" \/><\/a><\/figure><\/div><p>Durante mis tratamientos, he conocido a muchos pacientes que han tenido la habilidad especial de ayudar a las almas que han quedado atrapadas despu\u00e9s de la muerte. Para varios, aunque sent\u00edan este don interior, su canal a\u00fan no estaba completamente abierto o no ten\u00edan todo el conocimiento para saber exactamente c\u00f3mo proceder. Algunos ni siquiera lo sospechaban, pero aceptaron de buen grado y asumieron la responsabilidad de este don. Por lo tanto, con el apoyo de mis gu\u00edas mayores y de los Seres de Luz, desarroll\u00e9 el m\u00e9todo Soul Post para proporcionar informaci\u00f3n valiosa y \u00fatil tanto a principiantes como a avanzados. Mi objetivo es que cada participante encuentre las herramientas y el conocimiento para ayudar a apoyar a las almas atascadas.<\/p>","protected":false},"excerpt":{"rendered":"<p>Yahuah Brotherhood alap\u00edt\u00f3i Zuzana G\u00e9cziov\u00e1 Borb\u00e1la Magdalinova Reiki Mester (Reiki I., II., III.) Atol\u00f3 Tifar Atlantis (I. \u00e9s II.) Munay-Ki beavat\u00f3 Universal Kaleidoscope technika kidolgoz\u00f3ja L\u00e9lekposta technika kidolgoz\u00f3ja El\u00e9rhet\u00f6s\u00e9g: reikizu7@gmail.com Mik\u00e9nt sz\u00fcletett meg az Univerz\u00e1lis&hellip;<\/p>","protected":false},"author":1,"featured_media":1948,"parent":0,"menu_order":0,"comment_status":"closed","ping_status":"closed","template":"","meta":{"give_campaign_id":0,"_monsterinsights_skip_tracking":false,"_monsterinsights_sitenote_active":false,"_monsterinsights_sitenote_note":"","_monsterinsights_sitenote_category":0,"footnotes":"[]"},"class_list":["post-1728","page","type-page","status-publish","has-post-thumbnail","hentry"],"aioseo_notices":[],"campaignId":"","_links":{"self":[{"href":"https:\/\/yahuahbrotherhood.com\/es\/wp-json\/wp\/v2\/pages\/1728"}],"collection":[{"href":"https:\/\/yahuahbrotherhood.com\/es\/wp-json\/wp\/v2\/pages"}],"about":[{"href":"https:\/\/yahuahbrotherhood.com\/es\/wp-json\/wp\/v2\/types\/page"}],"author":[{"embeddable":true,"href":"https:\/\/yahuahbrotherhood.com\/es\/wp-json\/wp\/v2\/users\/1"}],"replies":[{"embeddable":true,"href":"https:\/\/yahuahbrotherhood.com\/es\/wp-json\/wp\/v2\/comments?post=1728"}],"version-history":[{"count":21,"href":"https:\/\/yahuahbrotherhood.com\/es\/wp-json\/wp\/v2\/pages\/1728\/revisions"}],"predecessor-version":[{"id":2111,"href":"https:\/\/yahuahbrotherhood.com\/es\/wp-json\/wp\/v2\/pages\/1728\/revisions\/2111"}],"wp:featuredmedia":[{"embeddable":true,"href":"https:\/\/yahuahbrotherhood.com\/es\/wp-json\/wp\/v2\/media\/1948"}],"wp:attachment":[{"href":"https:\/\/yahuahbrotherhood.com\/es\/wp-json\/wp\/v2\/media?parent=1728"}],"curies":[{"name":"wp","href":"https:\/\/api.w.org\/{rel}","templated":true}]}}