{"id":1728,"date":"2024-08-14T19:31:22","date_gmt":"2024-08-14T19:31:22","guid":{"rendered":"https:\/\/yahuahbrotherhood.com\/?page_id=1728"},"modified":"2024-09-23T18:43:01","modified_gmt":"2024-09-23T18:43:01","slug":"alapitok","status":"publish","type":"page","link":"https:\/\/yahuahbrotherhood.com\/en\/alapitok\/","title":{"rendered":"About us"},"content":{"rendered":"<p class=\"has-text-align-center has-x-large-font-size\"><strong>Yahuah Brotherhood founders<\/strong><\/p><p class=\"has-text-align-center has-medium-font-size\">Zuzana G\u00e9cziov\u00e1 Borb\u00e1la Magdalinova<\/p><div class=\"wp-block-columns is-layout-flex wp-container-core-columns-is-layout-1 wp-block-columns-is-layout-flex\"><div class=\"wp-block-column is-layout-flow wp-block-column-is-layout-flow\"><div class=\"wp-block-image\"><figure class=\"aligncenter size-full is-resized\"><img loading=\"lazy\" decoding=\"async\" width=\"487\" height=\"730\" src=\"https:\/\/yahuahbrotherhood.com\/wp-content\/uploads\/2024\/08\/449055432_10220760112627546_3832054859612595439_n-1.jpg\" alt=\"\" class=\"wp-image-1735\" style=\"width:112px;height:auto\" srcset=\"https:\/\/yahuahbrotherhood.com\/wp-content\/uploads\/2024\/08\/449055432_10220760112627546_3832054859612595439_n-1.jpg 487w, https:\/\/yahuahbrotherhood.com\/wp-content\/uploads\/2024\/08\/449055432_10220760112627546_3832054859612595439_n-1-200x300.jpg 200w, https:\/\/yahuahbrotherhood.com\/wp-content\/uploads\/2024\/08\/449055432_10220760112627546_3832054859612595439_n-1-370x555.jpg 370w\" sizes=\"(max-width: 487px) 100vw, 487px\" \/><\/figure><\/div>\n\n<div class=\"wp-block-group\"><div class=\"wp-block-group__inner-container is-layout-constrained wp-block-group-is-layout-constrained\"><p class=\"has-text-align-center has-small-font-size\">Reiki Master (Reiki I., II., III.)<\/p>\n\n<p class=\"has-text-align-center has-small-font-size\">Atolo Tifar Atlantis (I and II)<\/p>\n\n<p class=\"has-text-align-center has-small-font-size\">Munay-Ki initiation<\/p>\n\n<p class=\"has-text-align-center has-small-font-size\">Developer of the Universal Kaleidoscope technique<\/p>\n\n<p class=\"has-text-align-center has-small-font-size\">Developer of the Soul Mail technique<\/p>\n\n<p class=\"has-text-align-center has-small-font-size\"><strong><em>Available at<\/em>:<\/strong><\/p>\n\n<p class=\"has-text-align-center has-small-font-size\">reikizu7@gmail.com<\/p><\/div><\/div><\/div>\n\n<div class=\"wp-block-column is-layout-flow wp-block-column-is-layout-flow\"><\/div><\/div><h2 class=\"wp-block-heading has-text-align-center\"><strong>How the Universal Kaelioscope was born<\/strong> <strong>method?<\/strong><\/h2><div class=\"wp-block-image\"><figure class=\"aligncenter size-full is-resized\"><a href=\"https:\/\/yahuahbrotherhood.com\/en\/universal-kaleidoscope\/\"><img loading=\"lazy\" decoding=\"async\" width=\"1024\" height=\"1024\" src=\"https:\/\/yahuahbrotherhood.com\/wp-content\/uploads\/2024\/08\/DALL-E-2024-08-16-21.47.00-A-universal-kaleidoscope-logo-featuring-an-abstract-design-with-intricate-symmetrical-patterns-radiating-from-a-central-point.-The-design-includes-a-1-1.webp\" alt=\"\" class=\"wp-image-1832\" style=\"width:463px;height:auto\" srcset=\"\" sizes=\"(max-width: 1024px) 100vw, 1024px\" data-srcset=\"\" \/><\/a><\/figure><\/div><p>After many years of searching, learning and experiencing, I still felt that the different methods did not give me the complete picture I wanted. I wanted to find a tool that could really go deep - to the root of the problems, where real healing could happen. I knew it was the only way to really help someone and make a lasting difference in their life.<\/p><p>During my initiation into Munay-ki, during one of the rites, I was given a kaleidoscope as a gift, with the message that it would bring order to my abilities. I didn't understand the significance of this at the time, but over the years it slowly unfolded to me what it really meant.<\/p><p>I feel that all knowledge and energy comes from one place, the Source. We all draw from it, whatever method we use. However, I have often found that the division into different techniques and tendencies, because of people's egos, separates us from the essence. But in fact we are all using the same energy.<\/p><p>In my long search I met a special lady who taught me things that went beyond anything I had experienced in any course before. The methods he used were simple but profound, and produced the quickest results possible. I was given a system and clarity that gave me the framework I was looking for.<\/p><p>Using my own life experiences, what I learned from him and celestial guidance, I developed this technique of working in Oneness with the Eternal, drawing from the Source, which I called the Universal Kaleidoscope.  This method is actually a tool that is not just a matter of learning. The deepest effects are achieved when the user has the gifts and abilities to apply it correctly.<\/p><h2 class=\"wp-block-heading has-text-align-center\">How the Soul Mail course was born<\/h2><div class=\"wp-block-image\"><figure class=\"aligncenter size-full is-resized\"><a href=\"https:\/\/yahuahbrotherhood.com\/en\/lelekposta\/\"><img loading=\"lazy\" decoding=\"async\" width=\"1024\" height=\"1024\" src=\"https:\/\/yahuahbrotherhood.com\/wp-content\/uploads\/2024\/08\/DALL\u00b7E-2024-08-18-17.18.43-A-serene-and-mystical-scene-with-a-soft-ethereal-glow.-In-the-foreground-a-person-with-a-calm-and-focused-expression-is-performing-a-spiritual-ritua.webp\" alt=\"\" class=\"wp-image-1818\" style=\"width:480px;height:auto\" srcset=\"https:\/\/yahuahbrotherhood.com\/wp-content\/uploads\/2024\/08\/DALL\u00b7E-2024-08-18-17.18.43-A-serene-and-mystical-scene-with-a-soft-ethereal-glow.-In-the-foreground-a-person-with-a-calm-and-focused-expression-is-performing-a-spiritual-ritua.webp 1024w, https:\/\/yahuahbrotherhood.com\/wp-content\/uploads\/2024\/08\/DALL\u00b7E-2024-08-18-17.18.43-A-serene-and-mystical-scene-with-a-soft-ethereal-glow.-In-the-foreground-a-person-with-a-calm-and-focused-expression-is-performing-a-spiritual-ritua-300x300.webp 300w, https:\/\/yahuahbrotherhood.com\/wp-content\/uploads\/2024\/08\/DALL\u00b7E-2024-08-18-17.18.43-A-serene-and-mystical-scene-with-a-soft-ethereal-glow.-In-the-foreground-a-person-with-a-calm-and-focused-expression-is-performing-a-spiritual-ritua-150x150.webp 150w, https:\/\/yahuahbrotherhood.com\/wp-content\/uploads\/2024\/08\/DALL\u00b7E-2024-08-18-17.18.43-A-serene-and-mystical-scene-with-a-soft-ethereal-glow.-In-the-foreground-a-person-with-a-calm-and-focused-expression-is-performing-a-spiritual-ritua-768x768.webp 768w, https:\/\/yahuahbrotherhood.com\/wp-content\/uploads\/2024\/08\/DALL\u00b7E-2024-08-18-17.18.43-A-serene-and-mystical-scene-with-a-soft-ethereal-glow.-In-the-foreground-a-person-with-a-calm-and-focused-expression-is-performing-a-spiritual-ritua-370x370.webp 370w, https:\/\/yahuahbrotherhood.com\/wp-content\/uploads\/2024\/08\/DALL\u00b7E-2024-08-18-17.18.43-A-serene-and-mystical-scene-with-a-soft-ethereal-glow.-In-the-foreground-a-person-with-a-calm-and-focused-expression-is-performing-a-spiritual-ritua-90x90.webp 90w, https:\/\/yahuahbrotherhood.com\/wp-content\/uploads\/2024\/08\/DALL\u00b7E-2024-08-18-17.18.43-A-serene-and-mystical-scene-with-a-soft-ethereal-glow.-In-the-foreground-a-person-with-a-calm-and-focused-expression-is-performing-a-spiritual-ritua-180x180.webp 180w, https:\/\/yahuahbrotherhood.com\/wp-content\/uploads\/2024\/08\/DALL\u00b7E-2024-08-18-17.18.43-A-serene-and-mystical-scene-with-a-soft-ethereal-glow.-In-the-foreground-a-person-with-a-calm-and-focused-expression-is-performing-a-spiritual-ritua-770x770.webp 770w, https:\/\/yahuahbrotherhood.com\/wp-content\/uploads\/2024\/08\/DALL\u00b7E-2024-08-18-17.18.43-A-serene-and-mystical-scene-with-a-soft-ethereal-glow.-In-the-foreground-a-person-with-a-calm-and-focused-expression-is-performing-a-spiritual-ritua-740x740.webp 740w, https:\/\/yahuahbrotherhood.com\/wp-content\/uploads\/2024\/08\/DALL\u00b7E-2024-08-18-17.18.43-A-serene-and-mystical-scene-with-a-soft-ethereal-glow.-In-the-foreground-a-person-with-a-calm-and-focused-expression-is-performing-a-spiritual-ritua-350x350.webp 350w, https:\/\/yahuahbrotherhood.com\/wp-content\/uploads\/2024\/08\/DALL\u00b7E-2024-08-18-17.18.43-A-serene-and-mystical-scene-with-a-soft-ethereal-glow.-In-the-foreground-a-person-with-a-calm-and-focused-expression-is-performing-a-spiritual-ritua-600x600.webp 600w\" sizes=\"(max-width: 1024px) 100vw, 1024px\" \/><\/a><\/figure><\/div><p>During my treatments, I have met many patients who have had the special ability to help souls who have been trapped after death. For several, although they felt this inner gift, their channel was not yet fully open or they did not have all the knowledge to know exactly how to proceed. Some did not even suspect it, but gladly accepted and took responsibility for this gift. Therefore, with the support of my senior guides and the Light Beings, I developed the Soul Post method to provide valuable and useful information for beginners and advanced learners alike. My goal is that each participant will find the tools and knowledge to help support stuck souls.<\/p>","protected":false},"excerpt":{"rendered":"<p>Yahuah Brotherhood alap\u00edt\u00f3i Zuzana G\u00e9cziov\u00e1 Borb\u00e1la Magdalinova Reiki Mester (Reiki I., II., III.) Atol\u00f3 Tifar Atlantis (I. \u00e9s II.) Munay-Ki beavat\u00f3 Universal Kaleidoscope technika kidolgoz\u00f3ja L\u00e9lekposta technika kidolgoz\u00f3ja El\u00e9rhet\u00f6s\u00e9g: reikizu7@gmail.com Mik\u00e9nt sz\u00fcletett meg az Univerz\u00e1lis&hellip;<\/p>","protected":false},"author":1,"featured_media":1948,"parent":0,"menu_order":0,"comment_status":"closed","ping_status":"closed","template":"","meta":{"give_campaign_id":0,"_monsterinsights_skip_tracking":false,"_monsterinsights_sitenote_active":false,"_monsterinsights_sitenote_note":"","_monsterinsights_sitenote_category":0,"footnotes":"[]"},"class_list":["post-1728","page","type-page","status-publish","has-post-thumbnail","hentry"],"aioseo_notices":[],"campaignId":"","_links":{"self":[{"href":"https:\/\/yahuahbrotherhood.com\/en\/wp-json\/wp\/v2\/pages\/1728"}],"collection":[{"href":"https:\/\/yahuahbrotherhood.com\/en\/wp-json\/wp\/v2\/pages"}],"about":[{"href":"https:\/\/yahuahbrotherhood.com\/en\/wp-json\/wp\/v2\/types\/page"}],"author":[{"embeddable":true,"href":"https:\/\/yahuahbrotherhood.com\/en\/wp-json\/wp\/v2\/users\/1"}],"replies":[{"embeddable":true,"href":"https:\/\/yahuahbrotherhood.com\/en\/wp-json\/wp\/v2\/comments?post=1728"}],"version-history":[{"count":21,"href":"https:\/\/yahuahbrotherhood.com\/en\/wp-json\/wp\/v2\/pages\/1728\/revisions"}],"predecessor-version":[{"id":2111,"href":"https:\/\/yahuahbrotherhood.com\/en\/wp-json\/wp\/v2\/pages\/1728\/revisions\/2111"}],"wp:featuredmedia":[{"embeddable":true,"href":"https:\/\/yahuahbrotherhood.com\/en\/wp-json\/wp\/v2\/media\/1948"}],"wp:attachment":[{"href":"https:\/\/yahuahbrotherhood.com\/en\/wp-json\/wp\/v2\/media?parent=1728"}],"curies":[{"name":"wp","href":"https:\/\/api.w.org\/{rel}","templated":true}]}}