{"id":43,"date":"2017-11-09T15:37:28","date_gmt":"2017-11-09T15:37:28","guid":{"rendered":"https:\/\/yahuahbrotherhood.com\/?page_id=43"},"modified":"2024-09-18T20:40:59","modified_gmt":"2024-09-18T20:40:59","slug":"meditation","status":"publish","type":"page","link":"https:\/\/yahuahbrotherhood.com\/de\/meditation\/","title":{"rendered":"Meditation"},"content":{"rendered":"<p>A medit\u00e1ci\u00f3 egy olyan ment\u00e1lis gyakorlat, amelynek c\u00e9lja a figyelem \u00e9s a tudatoss\u00e1g fejleszt\u00e9se, valamint a bels\u0151 b\u00e9ke \u00e9s nyugalom el\u00e9r\u00e9se. K\u00fcl\u00f6nb\u00f6z\u0151 form\u00e1i l\u00e9teznek, p\u00e9ld\u00e1ul a koncentr\u00e1ci\u00f3s medit\u00e1ci\u00f3 (ahol egy adott dologra, mint p\u00e9ld\u00e1ul a l\u00e9gz\u00e9sre vagy egy mantr\u00e1ra koncentr\u00e1lunk), a mindfulness (tudatos jelenl\u00e9t), vagy a szeret\u0151 kedvess\u00e9g medit\u00e1ci\u00f3 (ahol pozit\u00edv \u00e9rz\u00e9seket fejleszt\u00fcnk m\u00e1sok \u00e9s \u00f6nmagunk ir\u00e1nt). A l\u00e9nyeg mindegyikben az, hogy az elm\u00e9t lecsendes\u00edts\u00fck, \u00e9s f\u00f3kusz\u00e1ljunk a jelen pillanatra.<\/p><p>A medit\u00e1ci\u00f3 gyakorl\u00e1sa sz\u00e1mos pozit\u00edv hat\u00e1ssal b\u00edrhat, ezek k\u00f6z\u00fcl n\u00e9h\u00e1ny:<\/p><ol start=\"1\" class=\"wp-block-list\"><li><strong>Stresszcs\u00f6kkent\u00e9s<\/strong>: A medit\u00e1ci\u00f3 seg\u00edt oldani a stresszt, mivel cs\u00f6kkenti a kortizol nev\u0171 stresszhormon szintj\u00e9t, \u00e9s seg\u00edti a nyugalom \u00e1llapot\u00e1nak el\u00e9r\u00e9s\u00e9t.<\/li>\n\n<li><strong>\u00c9rzelmi kiegyens\u00falyozotts\u00e1g<\/strong>: A rendszeres medit\u00e1ci\u00f3 seg\u00edt a negat\u00edv \u00e9rzelmek kezel\u00e9s\u00e9ben, \u00e9s jav\u00edtja az \u00e1ltal\u00e1nos \u00e9rzelmi \u00e1llapotot, n\u00f6velve az \u00f6r\u00f6m \u00e9s el\u00e9gedetts\u00e9g \u00e9rz\u00e9s\u00e9t.<\/li>\n\n<li><strong>F\u00f3kusz \u00e9s koncentr\u00e1ci\u00f3 jav\u00edt\u00e1sa<\/strong>: A medit\u00e1ci\u00f3 rendszeres gyakorl\u00e1s\u00e1val javulhat a figyelmi k\u00e9szs\u00e9g \u00e9s a koncentr\u00e1ci\u00f3. Ez\u00e1ltal hat\u00e9konyabb\u00e1 v\u00e1lhat a munk\u00e1ban vagy a tanul\u00e1sban.<\/li>\n\n<li><strong>Jobb alv\u00e1smin\u0151s\u00e9g<\/strong>: Mivel a medit\u00e1ci\u00f3 nyugtatja az elm\u00e9t, sokan tapasztalj\u00e1k, hogy jobban alszanak, \u00e9s k\u00f6nnyebben tudnak elaludni.<\/li>\n\n<li><strong>\u00d6n\u00e9rt\u00e9kel\u00e9s \u00e9s \u00f6nismeret<\/strong>: A medit\u00e1ci\u00f3 lehet\u0151s\u00e9get ad arra, hogy m\u00e9lyebben megismerj\u00fck saj\u00e1t gondolatainkat, \u00e9rz\u00e9seinket, \u00e9s jobban meg\u00e9rts\u00fck, mi motiv\u00e1l benn\u00fcnket. Ez el\u0151seg\u00edti az \u00f6nreflexi\u00f3t \u00e9s az \u00f6nmagunkkal val\u00f3 jobb kapcsolat kialak\u00edt\u00e1s\u00e1t.<\/li>\n\n<li><strong>Verringerung von Angst und Depression<\/strong>Mehrere Studien haben gezeigt, dass Meditation die Symptome von Angst und Depression lindern kann.<\/li>\n\n<li><strong>Fizikai eg\u00e9szs\u00e9g jav\u00edt\u00e1sa<\/strong>: A medit\u00e1ci\u00f3 pozit\u00edv hat\u00e1ssal lehet az immunrendszerre, a v\u00e9rnyom\u00e1sra \u00e9s \u00e1ltal\u00e1ban a sz\u00edv-\u00e9rrendszer eg\u00e9szs\u00e9g\u00e9re.<\/li><\/ol><p>A medit\u00e1ci\u00f3 teh\u00e1t nemcsak a ment\u00e1lis, hanem a testi eg\u00e9szs\u00e9gre is kedvez\u0151 hat\u00e1ssal van, \u00e9s hossz\u00fa t\u00e1von jav\u00edthatja az \u00e9letmin\u0151s\u00e9get. Fontos, hogy rendszeresen gyakoroljuk, hiszen az eredm\u00e9nyek gyakran id\u0151vel v\u00e1lnak \u00e9rezhet\u0151v\u00e9.<\/p>","protected":false},"excerpt":{"rendered":"<p>A medit\u00e1ci\u00f3 egy olyan ment\u00e1lis gyakorlat, amelynek c\u00e9lja a figyelem \u00e9s a tudatoss\u00e1g fejleszt\u00e9se, valamint a bels\u0151 b\u00e9ke \u00e9s nyugalom el\u00e9r\u00e9se. K\u00fcl\u00f6nb\u00f6z\u0151 form\u00e1i l\u00e9teznek, p\u00e9ld\u00e1ul a koncentr\u00e1ci\u00f3s medit\u00e1ci\u00f3 (ahol egy adott dologra, mint p\u00e9ld\u00e1ul a&hellip;<\/p>","protected":false},"author":1,"featured_media":1964,"parent":0,"menu_order":0,"comment_status":"closed","ping_status":"closed","template":"","meta":{"give_campaign_id":0,"_monsterinsights_skip_tracking":false,"_monsterinsights_sitenote_active":false,"_monsterinsights_sitenote_note":"","_monsterinsights_sitenote_category":0,"footnotes":""},"class_list":["post-43","page","type-page","status-publish","has-post-thumbnail","hentry"],"aioseo_notices":[],"campaignId":"","_links":{"self":[{"href":"https:\/\/yahuahbrotherhood.com\/de\/wp-json\/wp\/v2\/pages\/43"}],"collection":[{"href":"https:\/\/yahuahbrotherhood.com\/de\/wp-json\/wp\/v2\/pages"}],"about":[{"href":"https:\/\/yahuahbrotherhood.com\/de\/wp-json\/wp\/v2\/types\/page"}],"author":[{"embeddable":true,"href":"https:\/\/yahuahbrotherhood.com\/de\/wp-json\/wp\/v2\/users\/1"}],"replies":[{"embeddable":true,"href":"https:\/\/yahuahbrotherhood.com\/de\/wp-json\/wp\/v2\/comments?post=43"}],"version-history":[{"count":4,"href":"https:\/\/yahuahbrotherhood.com\/de\/wp-json\/wp\/v2\/pages\/43\/revisions"}],"predecessor-version":[{"id":1989,"href":"https:\/\/yahuahbrotherhood.com\/de\/wp-json\/wp\/v2\/pages\/43\/revisions\/1989"}],"wp:featuredmedia":[{"embeddable":true,"href":"https:\/\/yahuahbrotherhood.com\/de\/wp-json\/wp\/v2\/media\/1964"}],"wp:attachment":[{"href":"https:\/\/yahuahbrotherhood.com\/de\/wp-json\/wp\/v2\/media?parent=43"}],"curies":[{"name":"wp","href":"https:\/\/api.w.org\/{rel}","templated":true}]}}