{"id":38,"date":"2024-08-13T15:35:25","date_gmt":"2024-08-13T15:35:25","guid":{"rendered":"https:\/\/yahuahbrotherhood.com\/?page_id=38"},"modified":"2024-09-18T20:52:29","modified_gmt":"2024-09-18T20:52:29","slug":"our-mission","status":"publish","type":"page","link":"https:\/\/yahuahbrotherhood.com\/de\/our-mission\/","title":{"rendered":"Unser Auftrag"},"content":{"rendered":"<p><\/p><p><\/p><p>Unsere Aufgabe ist es, andere auf dem Weg des inneren spirituellen Wachstums und Erwachens zu begleiten. Wir helfen Menschen, sich mit ihrem wahren Selbst zu verbinden, ihre h\u00f6here Bestimmung zu verstehen und inneren Frieden zu finden. Wir teilen unsere Lehren durch Vortr\u00e4ge, Schriften und pers\u00f6nliches Mentoring, um alte und moderne spirituelle Lehren denen zug\u00e4nglich zu machen, die sie suchen.<\/p><p>Unsere Aufgabe ist es, auf k\u00f6rperlicher, geistiger, emotionaler und spiritueller Ebene zu heilen und zu unterst\u00fctzen. Wir tun dies durch Energieheilung, Meditation, nat\u00fcrliche Heilmittel oder andere Techniken, um das Gleichgewicht herzustellen und Leiden zu lindern.<\/p><p>Dar\u00fcber hinaus bem\u00fchen wir uns, Harmonie und Gleichgewicht in die Welt zu bringen, sei es auf lokaler oder globaler Ebene. Dazu geh\u00f6ren die F\u00f6rderung des Friedens und die Wiederherstellung der Harmonie mit der Natur.<\/p><p>Letztlich ist es unser Ziel, das Bewusstsein der Menschen zu sch\u00e4rfen, damit sie ein tieferes Verst\u00e4ndnis ihrer Existenz und des Universums erlangen k\u00f6nnen. Diese Entwicklung des Bewusstseins tr\u00e4gt zum inneren Frieden des Einzelnen und zur Entwicklung von Gemeinschaften und Gesellschaften bei.<\/p><h2 class=\"wp-block-heading has-text-align-center\">Die Wahl des Namens unserer Yahuah Brotherhood Gruppe <\/h2><div class=\"wp-block-image\"><figure class=\"aligncenter size-full is-resized\"><img loading=\"lazy\" decoding=\"async\" width=\"1024\" height=\"1024\" src=\"https:\/\/yahuahbrotherhood.com\/wp-content\/uploads\/2024\/08\/DALL-E-2024-08-16-22.07.43-A-powerful-and-spiritual-logo-for-Yahuah-Brotherhood.-The-design-features-an-emblem-with-a-central-symbol-that-represents-unity-and-faith-such-as-a-1.webp\" alt=\"\" class=\"wp-image-1786\" style=\"width:215px;height:auto\" srcset=\"\" sizes=\"(max-width: 1024px) 100vw, 1024px\" data-srcset=\"\" \/><\/figure><\/div><p>Die Wahl des Namens unserer Gruppe Brotherhood of Yahuah hat eine tiefe Bedeutung, die eng mit unserem Glauben und den h\u00f6chsten heiligen Namen verbunden ist. Der Name \"Yahuah\" ist eine Form des urspr\u00fcnglichen Namens des einen h\u00f6chsten Wesens, das mit lebensspendender Kraft und Sch\u00f6pfung verbunden ist. Dieser Name bedeutet im Hebr\u00e4ischen \"Jah f\u00fcgt den Atem hinzu\" und steht f\u00fcr die Quelle des Lebens und die Kraft der Sch\u00f6pfung. Das Wort Jah bedeutet Atem, Atem selbst.<\/p><p>Der Begriff \"Aluah\" bedeutet \"Allm\u00e4chtig\", was die unendliche Macht und Majest\u00e4t des Sch\u00f6pfers widerspiegelt, w\u00e4hrend \"Alahim\" \"M\u00e4chtiger\" bedeutet, was sich ebenfalls auf die Macht des Sch\u00f6pfers bezieht. \"YAH\" ist eine abgek\u00fcrzte Version dieses Namens, die sich respektvoll auf den Namen des Vaters bezieht. \"Jahuscha\" ist der wahre Name des Messias, was so viel bedeutet wie \"JAH wird das Heil geben\".<\/p><p>Der Begriff \"Bruderschaft\" bezieht sich auf eine enge Verbindung zwischen den Mitgliedern einer Gruppe, die auf gemeinsamen \u00dcberzeugungen und Werten beruht. Die Wahl des Namens deutet darauf hin, dass die Mitglieder der Gruppe gemeinsame Wurzeln haben und auf ein gemeinsames Ziel hinarbeiten, das auf einem tieferen Verst\u00e4ndnis und der Befolgung traditioneller Lehren beruht.<br>Deshalb haben wir den Namen Brotherhood of Yahuah gew\u00e4hlt, um unser Bekenntnis zum Glauben auszudr\u00fccken und unsere Suche nach der Wahrheit in der Welt zu betonen. Der Name spiegelt auch den Gemeinschaftsgeist wider, der uns zusammenh\u00e4lt, wenn wir unserer Berufung nachkommen, den Menschen zu helfen, durch ein tieferes spirituelles Verst\u00e4ndnis L\u00f6sungen f\u00fcr ihre Probleme zu finden.<\/p><p><\/p>","protected":false},"excerpt":{"rendered":"<p>A k\u00fcldet\u00e9s\u00fcnk az, hogy \u00fatmutat\u00e1st ny\u00fajtsunk m\u00e1soknak a bels\u0151 lelki fejl\u0151d\u00e9s \u00e9s \u00e9bred\u00e9s \u00fatj\u00e1n. Seg\u00edt\u00fcnk az embereknek abban, hogy kapcsolatba l\u00e9pjenek az igaz \u00f6nmagukkal, meg\u00e9rts\u00e9k magasabb rend\u0171 c\u00e9ljaikat, \u00e9s megtal\u00e1lj\u00e1k a bels\u0151 b\u00e9k\u00e9t. Tan\u00edt\u00e1sainkat el\u0151ad\u00e1sokkal,&hellip;<\/p>","protected":false},"author":1,"featured_media":1948,"parent":0,"menu_order":0,"comment_status":"closed","ping_status":"closed","template":"","meta":{"give_campaign_id":0,"_monsterinsights_skip_tracking":false,"_monsterinsights_sitenote_active":false,"_monsterinsights_sitenote_note":"","_monsterinsights_sitenote_category":0,"footnotes":""},"class_list":["post-38","page","type-page","status-publish","has-post-thumbnail","hentry"],"aioseo_notices":[],"campaignId":"","_links":{"self":[{"href":"https:\/\/yahuahbrotherhood.com\/de\/wp-json\/wp\/v2\/pages\/38"}],"collection":[{"href":"https:\/\/yahuahbrotherhood.com\/de\/wp-json\/wp\/v2\/pages"}],"about":[{"href":"https:\/\/yahuahbrotherhood.com\/de\/wp-json\/wp\/v2\/types\/page"}],"author":[{"embeddable":true,"href":"https:\/\/yahuahbrotherhood.com\/de\/wp-json\/wp\/v2\/users\/1"}],"replies":[{"embeddable":true,"href":"https:\/\/yahuahbrotherhood.com\/de\/wp-json\/wp\/v2\/comments?post=38"}],"version-history":[{"count":14,"href":"https:\/\/yahuahbrotherhood.com\/de\/wp-json\/wp\/v2\/pages\/38\/revisions"}],"predecessor-version":[{"id":1995,"href":"https:\/\/yahuahbrotherhood.com\/de\/wp-json\/wp\/v2\/pages\/38\/revisions\/1995"}],"wp:featuredmedia":[{"embeddable":true,"href":"https:\/\/yahuahbrotherhood.com\/de\/wp-json\/wp\/v2\/media\/1948"}],"wp:attachment":[{"href":"https:\/\/yahuahbrotherhood.com\/de\/wp-json\/wp\/v2\/media?parent=38"}],"curies":[{"name":"wp","href":"https:\/\/api.w.org\/{rel}","templated":true}]}}