{"id":1728,"date":"2024-08-14T19:31:22","date_gmt":"2024-08-14T19:31:22","guid":{"rendered":"https:\/\/yahuahbrotherhood.com\/?page_id=1728"},"modified":"2024-09-23T18:43:01","modified_gmt":"2024-09-23T18:43:01","slug":"alapitok","status":"publish","type":"page","link":"https:\/\/yahuahbrotherhood.com\/de\/alapitok\/","title":{"rendered":"\u00dcber uns"},"content":{"rendered":"<p class=\"has-text-align-center has-x-large-font-size\"><strong>Gr\u00fcnder der Yahuah-Bruderschaft<\/strong><\/p><p class=\"has-text-align-center has-medium-font-size\">Zuzana G\u00e9cziov\u00e1 Borb\u00e1la Magdalinova<\/p><div class=\"wp-block-columns is-layout-flex wp-container-core-columns-is-layout-1 wp-block-columns-is-layout-flex\"><div class=\"wp-block-column is-layout-flow wp-block-column-is-layout-flow\"><div class=\"wp-block-image\"><figure class=\"aligncenter size-full is-resized\"><img loading=\"lazy\" decoding=\"async\" width=\"487\" height=\"730\" src=\"https:\/\/yahuahbrotherhood.com\/wp-content\/uploads\/2024\/08\/449055432_10220760112627546_3832054859612595439_n-1.jpg\" alt=\"\" class=\"wp-image-1735\" style=\"width:112px;height:auto\" srcset=\"https:\/\/yahuahbrotherhood.com\/wp-content\/uploads\/2024\/08\/449055432_10220760112627546_3832054859612595439_n-1.jpg 487w, https:\/\/yahuahbrotherhood.com\/wp-content\/uploads\/2024\/08\/449055432_10220760112627546_3832054859612595439_n-1-200x300.jpg 200w, https:\/\/yahuahbrotherhood.com\/wp-content\/uploads\/2024\/08\/449055432_10220760112627546_3832054859612595439_n-1-370x555.jpg 370w\" sizes=\"(max-width: 487px) 100vw, 487px\" \/><\/figure><\/div>\n\n<div class=\"wp-block-group\"><div class=\"wp-block-group__inner-container is-layout-constrained wp-block-group-is-layout-constrained\"><p class=\"has-text-align-center has-small-font-size\">Reiki-Meister (Reiki I., II., III.)<\/p>\n\n<p class=\"has-text-align-center has-small-font-size\">Atolo Tifar Atlantis (I und II)<\/p>\n\n<p class=\"has-text-align-center has-small-font-size\">Munay-Ki-Initiierung<\/p>\n\n<p class=\"has-text-align-center has-small-font-size\">Entwickler der Universal Kaleidoscope Technik<\/p>\n\n<p class=\"has-text-align-center has-small-font-size\">Entwickler der Soul-Mail-Technik<\/p>\n\n<p class=\"has-text-align-center has-small-font-size\"><strong><em>Verf\u00fcgbar unter<\/em>:<\/strong><\/p>\n\n<p class=\"has-text-align-center has-small-font-size\">reikizu7@gmail.com<\/p><\/div><\/div><\/div>\n\n<div class=\"wp-block-column is-layout-flow wp-block-column-is-layout-flow\"><\/div><\/div><h2 class=\"wp-block-heading has-text-align-center\"><strong>Wie das Universal-Kaelioskop geboren wurde<\/strong> <strong>Methode?<\/strong><\/h2><div class=\"wp-block-image\"><figure class=\"aligncenter size-full is-resized\"><a href=\"https:\/\/yahuahbrotherhood.com\/de\/universal-kaleidoscope\/\"><img loading=\"lazy\" decoding=\"async\" width=\"1024\" height=\"1024\" src=\"https:\/\/yahuahbrotherhood.com\/wp-content\/uploads\/2024\/08\/DALL-E-2024-08-16-21.47.00-A-universal-kaleidoscope-logo-featuring-an-abstract-design-with-intricate-symmetrical-patterns-radiating-from-a-central-point.-The-design-includes-a-1-1.webp\" alt=\"\" class=\"wp-image-1832\" style=\"width:463px;height:auto\" srcset=\"\" sizes=\"(max-width: 1024px) 100vw, 1024px\" data-srcset=\"\" \/><\/a><\/figure><\/div><p>Nach vielen Jahren des Suchens, Lernens und Erlebens hatte ich immer noch das Gef\u00fchl, dass die verschiedenen Methoden mir nicht das vollst\u00e4ndige Bild gaben, das ich wollte. Ich wollte ein Werkzeug finden, das wirklich in die Tiefe geht - bis zur Wurzel der Probleme, wo echte Heilung geschehen kann. Ich wusste, dass dies der einzige Weg war, um jemandem wirklich zu helfen und sein Leben nachhaltig zu ver\u00e4ndern.<\/p><p>W\u00e4hrend meiner Einweihung in Munay-ki wurde mir bei einem der Rituale ein Kaleidoskop geschenkt, mit der Botschaft, dass es Ordnung in meine F\u00e4higkeiten bringen w\u00fcrde. Damals verstand ich die Bedeutung dieses Geschenks nicht, aber im Laufe der Jahre erschloss sich mir langsam, was es wirklich bedeutete.<\/p><p>Ich glaube, dass alles Wissen und alle Energie von einem Ort kommen, der Quelle. Wir alle sch\u00f6pfen aus ihr, egal welche Methode wir anwenden. Ich habe jedoch oft festgestellt, dass die Aufteilung in verschiedene Techniken und Tendenzen aufgrund der Egos der Menschen uns von der Essenz trennt. Aber in Wirklichkeit benutzen wir alle dieselbe Energie.<\/p><p>Auf meiner langen Suche traf ich eine besondere Dame, die mir Dinge beibrachte, die \u00fcber alles hinausgingen, was ich bisher in irgendeinem Kurs erfahren hatte. Die Methoden, die er verwendete, waren einfach, aber tiefgr\u00fcndig und f\u00fchrten zu den schnellstm\u00f6glichen Ergebnissen. Ich erhielt ein System und eine Klarheit, die mir den Rahmen gaben, nach dem ich suchte.<\/p><p>Mit Hilfe meiner eigenen Lebenserfahrungen, dem, was ich von ihm gelernt habe, und der himmlischen F\u00fchrung habe ich diese Technik entwickelt, um im Einssein mit dem Ewigen zu arbeiten und aus der Quelle zu sch\u00f6pfen, die ich das Universelle Kaleidoskop nenne.  Diese Methode ist tats\u00e4chlich ein Werkzeug, das man nicht nur erlernen kann. Die tiefsten Wirkungen werden erzielt, wenn der Anwender die Gaben und F\u00e4higkeiten hat, sie richtig anzuwenden.<\/p><h2 class=\"wp-block-heading has-text-align-center\">Wie der Soul Mail Kurs entstanden ist<\/h2><div class=\"wp-block-image\"><figure class=\"aligncenter size-full is-resized\"><a href=\"https:\/\/yahuahbrotherhood.com\/de\/lelekposta\/\"><img loading=\"lazy\" decoding=\"async\" width=\"1024\" height=\"1024\" src=\"https:\/\/yahuahbrotherhood.com\/wp-content\/uploads\/2024\/08\/DALL\u00b7E-2024-08-18-17.18.43-A-serene-and-mystical-scene-with-a-soft-ethereal-glow.-In-the-foreground-a-person-with-a-calm-and-focused-expression-is-performing-a-spiritual-ritua.webp\" alt=\"\" class=\"wp-image-1818\" style=\"width:480px;height:auto\" srcset=\"https:\/\/yahuahbrotherhood.com\/wp-content\/uploads\/2024\/08\/DALL\u00b7E-2024-08-18-17.18.43-A-serene-and-mystical-scene-with-a-soft-ethereal-glow.-In-the-foreground-a-person-with-a-calm-and-focused-expression-is-performing-a-spiritual-ritua.webp 1024w, https:\/\/yahuahbrotherhood.com\/wp-content\/uploads\/2024\/08\/DALL\u00b7E-2024-08-18-17.18.43-A-serene-and-mystical-scene-with-a-soft-ethereal-glow.-In-the-foreground-a-person-with-a-calm-and-focused-expression-is-performing-a-spiritual-ritua-300x300.webp 300w, https:\/\/yahuahbrotherhood.com\/wp-content\/uploads\/2024\/08\/DALL\u00b7E-2024-08-18-17.18.43-A-serene-and-mystical-scene-with-a-soft-ethereal-glow.-In-the-foreground-a-person-with-a-calm-and-focused-expression-is-performing-a-spiritual-ritua-150x150.webp 150w, https:\/\/yahuahbrotherhood.com\/wp-content\/uploads\/2024\/08\/DALL\u00b7E-2024-08-18-17.18.43-A-serene-and-mystical-scene-with-a-soft-ethereal-glow.-In-the-foreground-a-person-with-a-calm-and-focused-expression-is-performing-a-spiritual-ritua-768x768.webp 768w, https:\/\/yahuahbrotherhood.com\/wp-content\/uploads\/2024\/08\/DALL\u00b7E-2024-08-18-17.18.43-A-serene-and-mystical-scene-with-a-soft-ethereal-glow.-In-the-foreground-a-person-with-a-calm-and-focused-expression-is-performing-a-spiritual-ritua-370x370.webp 370w, https:\/\/yahuahbrotherhood.com\/wp-content\/uploads\/2024\/08\/DALL\u00b7E-2024-08-18-17.18.43-A-serene-and-mystical-scene-with-a-soft-ethereal-glow.-In-the-foreground-a-person-with-a-calm-and-focused-expression-is-performing-a-spiritual-ritua-90x90.webp 90w, https:\/\/yahuahbrotherhood.com\/wp-content\/uploads\/2024\/08\/DALL\u00b7E-2024-08-18-17.18.43-A-serene-and-mystical-scene-with-a-soft-ethereal-glow.-In-the-foreground-a-person-with-a-calm-and-focused-expression-is-performing-a-spiritual-ritua-180x180.webp 180w, https:\/\/yahuahbrotherhood.com\/wp-content\/uploads\/2024\/08\/DALL\u00b7E-2024-08-18-17.18.43-A-serene-and-mystical-scene-with-a-soft-ethereal-glow.-In-the-foreground-a-person-with-a-calm-and-focused-expression-is-performing-a-spiritual-ritua-770x770.webp 770w, https:\/\/yahuahbrotherhood.com\/wp-content\/uploads\/2024\/08\/DALL\u00b7E-2024-08-18-17.18.43-A-serene-and-mystical-scene-with-a-soft-ethereal-glow.-In-the-foreground-a-person-with-a-calm-and-focused-expression-is-performing-a-spiritual-ritua-740x740.webp 740w, https:\/\/yahuahbrotherhood.com\/wp-content\/uploads\/2024\/08\/DALL\u00b7E-2024-08-18-17.18.43-A-serene-and-mystical-scene-with-a-soft-ethereal-glow.-In-the-foreground-a-person-with-a-calm-and-focused-expression-is-performing-a-spiritual-ritua-350x350.webp 350w, https:\/\/yahuahbrotherhood.com\/wp-content\/uploads\/2024\/08\/DALL\u00b7E-2024-08-18-17.18.43-A-serene-and-mystical-scene-with-a-soft-ethereal-glow.-In-the-foreground-a-person-with-a-calm-and-focused-expression-is-performing-a-spiritual-ritua-600x600.webp 600w\" sizes=\"(max-width: 1024px) 100vw, 1024px\" \/><\/a><\/figure><\/div><p>W\u00e4hrend meiner Behandlungen habe ich viele Patienten getroffen, die die besondere F\u00e4higkeit hatten, Seelen zu helfen, die nach dem Tod gefangen waren. Einige sp\u00fcrten zwar diese innere Gabe, aber ihr Kanal war noch nicht vollst\u00e4ndig ge\u00f6ffnet, oder sie verf\u00fcgten nicht \u00fcber das gesamte Wissen, um genau zu wissen, wie sie vorgehen sollten. Einige ahnten es nicht einmal, sondern nahmen diese Gabe gerne an und \u00fcbernahmen die Verantwortung daf\u00fcr. Deshalb habe ich mit der Unterst\u00fctzung meiner Senior Guides und der Lichtwesen die Soul Post Methode entwickelt, um Anf\u00e4ngern und Fortgeschrittenen gleicherma\u00dfen wertvolle und n\u00fctzliche Informationen zu vermitteln. Mein Ziel ist es, dass jeder Teilnehmer die Werkzeuge und das Wissen findet, um festgefahrene Seelen zu unterst\u00fctzen.<\/p>","protected":false},"excerpt":{"rendered":"<p>Yahuah Brotherhood alap\u00edt\u00f3i Zuzana G\u00e9cziov\u00e1 Borb\u00e1la Magdalinova Reiki Mester (Reiki I., II., III.) Atol\u00f3 Tifar Atlantis (I. \u00e9s II.) Munay-Ki beavat\u00f3 Universal Kaleidoscope technika kidolgoz\u00f3ja L\u00e9lekposta technika kidolgoz\u00f3ja El\u00e9rhet\u00f6s\u00e9g: reikizu7@gmail.com Mik\u00e9nt sz\u00fcletett meg az Univerz\u00e1lis&hellip;<\/p>","protected":false},"author":1,"featured_media":1948,"parent":0,"menu_order":0,"comment_status":"closed","ping_status":"closed","template":"","meta":{"give_campaign_id":0,"_monsterinsights_skip_tracking":false,"_monsterinsights_sitenote_active":false,"_monsterinsights_sitenote_note":"","_monsterinsights_sitenote_category":0,"footnotes":"[]"},"class_list":["post-1728","page","type-page","status-publish","has-post-thumbnail","hentry"],"aioseo_notices":[],"campaignId":"","_links":{"self":[{"href":"https:\/\/yahuahbrotherhood.com\/de\/wp-json\/wp\/v2\/pages\/1728"}],"collection":[{"href":"https:\/\/yahuahbrotherhood.com\/de\/wp-json\/wp\/v2\/pages"}],"about":[{"href":"https:\/\/yahuahbrotherhood.com\/de\/wp-json\/wp\/v2\/types\/page"}],"author":[{"embeddable":true,"href":"https:\/\/yahuahbrotherhood.com\/de\/wp-json\/wp\/v2\/users\/1"}],"replies":[{"embeddable":true,"href":"https:\/\/yahuahbrotherhood.com\/de\/wp-json\/wp\/v2\/comments?post=1728"}],"version-history":[{"count":21,"href":"https:\/\/yahuahbrotherhood.com\/de\/wp-json\/wp\/v2\/pages\/1728\/revisions"}],"predecessor-version":[{"id":2111,"href":"https:\/\/yahuahbrotherhood.com\/de\/wp-json\/wp\/v2\/pages\/1728\/revisions\/2111"}],"wp:featuredmedia":[{"embeddable":true,"href":"https:\/\/yahuahbrotherhood.com\/de\/wp-json\/wp\/v2\/media\/1948"}],"wp:attachment":[{"href":"https:\/\/yahuahbrotherhood.com\/de\/wp-json\/wp\/v2\/media?parent=1728"}],"curies":[{"name":"wp","href":"https:\/\/api.w.org\/{rel}","templated":true}]}}